{"id":1498,"date":"2021-07-15T08:38:11","date_gmt":"2021-07-15T08:38:11","guid":{"rendered":"https:\/\/www.mixed-reality.io\/akademie"},"modified":"2026-04-21T09:17:26","modified_gmt":"2026-04-21T09:17:26","slug":"akademie","status":"publish","type":"page","link":"https:\/\/gstoll.com\/de\/akademie","title":{"rendered":"Akademie"},"content":{"rendered":"\n<h4 class=\"wp-block-heading\">Mixed Reality AI Masterclass:<br>Basiswissen f\u00fcr die Themen Mixed Reality und Conversational AI<\/h4>\n\n\n\n<figure class=\"wp-block-image size-large\"><img decoding=\"async\" width=\"1024\" height=\"587\" src=\"https:\/\/www.mixed-reality.ai\/wp-content\/uploads\/2024\/07\/Andy-Gstoll-STiAS-1024x587.jpg\" alt=\"\" class=\"wp-image-2375\" srcset=\"https:\/\/gstoll.com\/wp-content\/uploads\/2024\/07\/Andy-Gstoll-STiAS-1024x587.jpg 1024w, https:\/\/gstoll.com\/wp-content\/uploads\/2024\/07\/Andy-Gstoll-STiAS-300x172.jpg 300w, https:\/\/gstoll.com\/wp-content\/uploads\/2024\/07\/Andy-Gstoll-STiAS-768x440.jpg 768w, https:\/\/gstoll.com\/wp-content\/uploads\/2024\/07\/Andy-Gstoll-STiAS-50x29.jpg 50w, https:\/\/gstoll.com\/wp-content\/uploads\/2024\/07\/Andy-Gstoll-STiAS-1600x917.jpg 1600w, https:\/\/gstoll.com\/wp-content\/uploads\/2024\/07\/Andy-Gstoll-STiAS-1536x880.jpg 1536w, https:\/\/gstoll.com\/wp-content\/uploads\/2024\/07\/Andy-Gstoll-STiAS-2048x1173.jpg 2048w\" sizes=\"(max-width: 1024px) 100vw, 1024px\" \/><\/figure>\n\n\n\n<h3 class=\"gb-headline gb-headline-9d80c633 gb-headline-text\"><br>F\u00fcr wen?<\/h3>\n\n\n\n<p>Sie sind auf der Suche nach einem soliden Basiswissen rund um die Themen Mixed Reality und conversational AI ? Dann sind sie hier genau richtig. Ganz egal ob Gro\u00dfkonzern, mittelst\u00e4ndischer Betrieb oder Kleinunternehmer, diese informative und sehr praxisnahe Schulung mit vielen Beispielen und Demonstrationen wird sie mit dem notwendigen Basiswissen ausstatten, um ihre eigene Mixed Reality und AI Strategie zu entwickeln.<\/p>\n\n\n\n<h3 class=\"gb-headline gb-headline-e966d515 gb-headline-text\">Wie wird die Schulung \u00fcbermittelt?<\/h3>\n\n\n\n<p>Die Masterclass kann sowohl auf deutsch als auch auf Englisch stattfinden. <\/p>\n\n\n\n<p>Gem\u00e4\u00df ihren W\u00fcnschen, k\u00f6nnen wir den Workshop online (per Videokonferenz und ohne Reisekosten) oder auch bei ihnen vor Ort gestalten. Optional k\u00f6nnen wir auch ein Modul in einer 3D Umgebung (ohne die Notwendigkeit von VR Brillen) erg\u00e4nzen. <\/p>\n\n\n\n<div class=\"wp-block-cover\"><img decoding=\"async\" width=\"2048\" height=\"844\" class=\"wp-block-cover__image-background wp-image-560\" alt=\"\" src=\"https:\/\/www.mixed-reality.ai\/wp-content\/uploads\/2021\/07\/auditorium-2.png\" style=\"object-position:50% 50%\" data-object-fit=\"cover\" data-object-position=\"50% 50%\" srcset=\"https:\/\/gstoll.com\/wp-content\/uploads\/2021\/07\/auditorium-2.png 2048w, https:\/\/gstoll.com\/wp-content\/uploads\/2021\/07\/auditorium-2-300x124.png 300w, https:\/\/gstoll.com\/wp-content\/uploads\/2021\/07\/auditorium-2-1024x422.png 1024w, https:\/\/gstoll.com\/wp-content\/uploads\/2021\/07\/auditorium-2-768x317.png 768w, https:\/\/gstoll.com\/wp-content\/uploads\/2021\/07\/auditorium-2-1536x633.png 1536w\" sizes=\"(max-width: 2048px) 100vw, 2048px\" \/><span aria-hidden=\"true\" class=\"wp-block-cover__background has-background-dim\"><\/span><div class=\"wp-block-cover__inner-container is-layout-flow wp-block-cover-is-layout-flow\">\n<h2 class=\"wp-block-heading has-text-align-center\">In your conference room or auditorium.<\/h2>\n<\/div><\/div>\n\n\n\n<div class=\"wp-block-cover\"><img decoding=\"async\" width=\"2320\" height=\"1306\" class=\"wp-block-cover__image-background wp-image-513\" alt=\"\" src=\"https:\/\/www.mixed-reality.ai\/wp-content\/uploads\/2021\/07\/Screenshot-2021-07-14-at-16.01.36.png\" data-object-fit=\"cover\" srcset=\"https:\/\/gstoll.com\/wp-content\/uploads\/2021\/07\/Screenshot-2021-07-14-at-16.01.36.png 2320w, https:\/\/gstoll.com\/wp-content\/uploads\/2021\/07\/Screenshot-2021-07-14-at-16.01.36-300x169.png 300w, https:\/\/gstoll.com\/wp-content\/uploads\/2021\/07\/Screenshot-2021-07-14-at-16.01.36-1024x576.png 1024w, https:\/\/gstoll.com\/wp-content\/uploads\/2021\/07\/Screenshot-2021-07-14-at-16.01.36-768x432.png 768w, https:\/\/gstoll.com\/wp-content\/uploads\/2021\/07\/Screenshot-2021-07-14-at-16.01.36-1536x865.png 1536w, https:\/\/gstoll.com\/wp-content\/uploads\/2021\/07\/Screenshot-2021-07-14-at-16.01.36-2048x1153.png 2048w\" sizes=\"(max-width: 2320px) 100vw, 2320px\" \/><span aria-hidden=\"true\" class=\"wp-block-cover__background has-background-dim\"><\/span><div class=\"wp-block-cover__inner-container is-layout-flow wp-block-cover-is-layout-flow\">\n<h2 class=\"gb-headline gb-headline-414a72c8 gb-headline-text\">Via video conferencing.<\/h2>\n<\/div><\/div>\n\n\n\n<div class=\"wp-block-cover is-light\"><img decoding=\"async\" width=\"1434\" height=\"742\" class=\"wp-block-cover__image-background wp-image-514\" alt=\"\" src=\"https:\/\/www.mixed-reality.ai\/wp-content\/uploads\/2021\/07\/217410198_10224220409472654_4353208351741763560_n.jpg\" data-object-fit=\"cover\" srcset=\"https:\/\/gstoll.com\/wp-content\/uploads\/2021\/07\/217410198_10224220409472654_4353208351741763560_n.jpg 1434w, https:\/\/gstoll.com\/wp-content\/uploads\/2021\/07\/217410198_10224220409472654_4353208351741763560_n-300x155.jpg 300w, https:\/\/gstoll.com\/wp-content\/uploads\/2021\/07\/217410198_10224220409472654_4353208351741763560_n-1024x530.jpg 1024w, https:\/\/gstoll.com\/wp-content\/uploads\/2021\/07\/217410198_10224220409472654_4353208351741763560_n-768x397.jpg 768w\" sizes=\"(max-width: 1434px) 100vw, 1434px\" \/><span aria-hidden=\"true\" class=\"wp-block-cover__background has-background-dim\"><\/span><div class=\"wp-block-cover__inner-container is-layout-flow wp-block-cover-is-layout-flow\">\n<h2 class=\"wp-block-heading has-text-align-center has-base-3-color has-text-color\">In a virtual presentation space.<\/h2>\n<\/div><\/div>\n\n\n\n<h3 class=\"gb-headline gb-headline-927ed075 gb-headline-text\">What topics are covered in the Masterclass?<\/h3>\n\n\n\n<p><strong>1. Terminology <\/strong><br>What is Augmented Reality (AR), Virtual Reality (VR), and Mixed Reality (MR)?<\/p>\n\n\n\n<p><strong>2. AR hardware<\/strong><br>What devices are currently in the market? How do they work and differ from one another? What devices can we expect in the near and far future?<\/p>\n\n\n\n<p><strong>3. AR types and tools<\/strong><br>What are the underlying computer vision technologies? How can AR be used today? What surfaces, objects, rooms can be visually recognised and overlaid with digital content? <\/p>\n\n\n\n<p><strong>4. How can AR be consumed?<\/strong><br>&#8211; AR inside of on app<br>&#8211; AR on the web (webXR)<br>&#8211; Social Media AR (on TikTok, Instagram, SnapChat, Messenger, Facebook) <\/p>\n\n\n\n<p><strong>5. VR hardware<\/strong><br>&#8211; What devices are currently in the market? <br>&#8211; How do they work and differ from one another? <br>&#8211; What devices can we expect in the near and far future?<\/p>\n\n\n\n<p><strong>6. VR types and tools<\/strong><br>&#8211; 360 images\/video<br>&#8211; immersive 3D content<\/p>\n\n\n\n<p><strong>7. Social VR and Metaverse platforms<\/strong><br>&#8211; How can we meet, collaborate and work together virtually?<br>&#8211; What platform providers are out there?<br>&#8211; What different features do they offer?<br>&#8211; What is suitable for your needs?<br><br><strong>8. Your brand, products and services in the Metaverse<\/strong><br>&#8211; How to create a digital twin of a physical product?<br>&#8211; How to bring business services to the Metaverse? <br>&#8211; What options do I have to leverage AR\/VR for my brand?<\/p>\n\n\n\n<p><strong>9. Market Analysis<\/strong><br>&#8211; industry size and numbers for AR, VR and the Metaverse<\/p>\n\n\n\n<p><strong>10. What are the top technology companies offering in the space and what can we expect in the future?<\/strong><br>&#8211; Apple<br>&#8211; Microsoft<br>&#8211; Meta<br>&#8211; Google<br>&#8211; Amazon<br>&#8211; Snap<br>&#8211; Others<\/p>\n\n\n\n<p><strong>11. Live demos<\/strong><br>Multiple live demos, show cases, examples and case studies are included at various points throughout the presentation.<\/p>\n\n\n\n<p><strong>12. Questions and answers<\/strong><br>Q&amp;A and open discussion to address your company&#8217;s specific needs, market and industry. <\/p>\n\n\n\n<h3 class=\"gb-headline gb-headline-0443e802 gb-headline-text\">Customisation of the Masterclass is possible to accommodate your needs<\/h3>\n\n\n\n<p>The above course content and agenda dynamically changes as the market progresses. It can be adjusted according to your specific requirements and focus. Please reach out to discuss.<\/p>\n\n\n\n<div class=\"wp-block-buttons is-content-justification-center is-layout-flex wp-container-core-buttons-is-layout-16018d1d wp-block-buttons-is-layout-flex\">\n<div class=\"wp-block-button is-style-fill\"><a class=\"wp-block-button__link has-cool-to-warm-spectrum-gradient-background has-background has-text-align-center wp-element-button\" href=\"https:\/\/gstoll.com\/de\/#contact\">Jetzt Kontakt aufnehmen!<\/a><\/div>\n<\/div>\n\n\n\n<p><\/p>\n","protected":false},"excerpt":{"rendered":"<p>Mixed Reality AI Masterclass:Basiswissen f\u00fcr die Themen Mixed Reality und Conversational AI F\u00fcr wen? Sie sind auf der Suche nach einem soliden Basiswissen rund um die Themen Mixed Reality und conversational AI ? Dann sind sie hier genau richtig. Ganz egal ob Gro\u00dfkonzern, mittelst\u00e4ndischer Betrieb oder Kleinunternehmer, diese informative und sehr praxisnahe Schulung mit vielen &#8230; <a title=\"Akademie\" class=\"read-more\" href=\"https:\/\/gstoll.com\/de\/akademie\" aria-label=\"Mehr Informationen \u00fcber Akademie\">Weiterlesen &#8230;<\/a><\/p>\n","protected":false},"author":2,"featured_media":0,"parent":0,"menu_order":0,"comment_status":"closed","ping_status":"open","template":"","meta":{"footnotes":""},"class_list":["post-1498","page","type-page","status-publish"],"yoast_head":"<!-- This site is optimized with the Yoast SEO plugin v27.4 - https:\/\/yoast.com\/product\/yoast-seo-wordpress\/ -->\n<title>Akademie | Mixed Reality AI<\/title>\n<meta name=\"description\" content=\"Willkommen zur AR\/VR Akademie. Sie sind auf der Suche nach einem soliden Basiswissen rund um die Themen AR, VR und das Metaverse? Dann sind sie hier genau richtig. Ganz egal ob Gro\u00dfkonzern, mittelst\u00e4ndischer Betrieb oder Kleinunternehmer, diese informative und sehr praxisnahe Schulung mit vielen Beispielen und Demonstrationen wird sie mit dem notwendigen Basiswissen ausstatten, um ihre eigene AR\/VR Strategie zu entwickeln.\" \/>\n<meta name=\"robots\" content=\"index, follow, max-snippet:-1, max-image-preview:large, max-video-preview:-1\" \/>\n<link rel=\"canonical\" href=\"https:\/\/gstoll.com\/de\/akademie\" \/>\n<meta property=\"og:locale\" content=\"de_DE\" \/>\n<meta property=\"og:type\" content=\"article\" \/>\n<meta property=\"og:title\" content=\"Akademie | Mixed Reality AI\" \/>\n<meta property=\"og:description\" content=\"Willkommen zur AR\/VR Akademie. Sie sind auf der Suche nach einem soliden Basiswissen rund um die Themen AR, VR und das Metaverse? Dann sind sie hier genau richtig. Ganz egal ob Gro\u00dfkonzern, mittelst\u00e4ndischer Betrieb oder Kleinunternehmer, diese informative und sehr praxisnahe Schulung mit vielen Beispielen und Demonstrationen wird sie mit dem notwendigen Basiswissen ausstatten, um ihre eigene AR\/VR Strategie zu entwickeln.\" \/>\n<meta property=\"og:url\" content=\"https:\/\/gstoll.com\/de\/akademie\" \/>\n<meta property=\"og:site_name\" content=\"Mixed Reality AI\" \/>\n<meta property=\"article:modified_time\" content=\"2026-04-21T09:17:26+00:00\" \/>\n<meta property=\"og:image\" content=\"https:\/\/gstoll.com\/wp-content\/uploads\/2024\/07\/Andy-Gstoll-STiAS-scaled.jpg\" \/>\n\t<meta property=\"og:image:width\" content=\"2560\" \/>\n\t<meta property=\"og:image:height\" content=\"1467\" \/>\n\t<meta property=\"og:image:type\" content=\"image\/jpeg\" \/>\n<meta name=\"twitter:card\" content=\"summary_large_image\" \/>\n<meta name=\"twitter:label1\" content=\"Gesch\u00e4tzte Lesezeit\" \/>\n\t<meta name=\"twitter:data1\" content=\"4\u00a0Minuten\" \/>\n<script type=\"application\/ld+json\" class=\"yoast-schema-graph\">{\"@context\":\"https:\\\/\\\/schema.org\",\"@graph\":[{\"@type\":\"WebPage\",\"@id\":\"https:\\\/\\\/gstoll.com\\\/de\\\/akademie\",\"url\":\"https:\\\/\\\/gstoll.com\\\/de\\\/akademie\",\"name\":\"Akademie | Mixed Reality AI\",\"isPartOf\":{\"@id\":\"https:\\\/\\\/gstoll.com\\\/#website\"},\"primaryImageOfPage\":{\"@id\":\"https:\\\/\\\/gstoll.com\\\/de\\\/akademie#primaryimage\"},\"image\":{\"@id\":\"https:\\\/\\\/gstoll.com\\\/de\\\/akademie#primaryimage\"},\"thumbnailUrl\":\"https:\\\/\\\/www.mixed-reality.ai\\\/wp-content\\\/uploads\\\/2024\\\/07\\\/Andy-Gstoll-STiAS-1024x587.jpg\",\"datePublished\":\"2021-07-15T08:38:11+00:00\",\"dateModified\":\"2026-04-21T09:17:26+00:00\",\"description\":\"Willkommen zur AR\\\/VR Akademie. Sie sind auf der Suche nach einem soliden Basiswissen rund um die Themen AR, VR und das Metaverse? Dann sind sie hier genau richtig. Ganz egal ob Gro\u00dfkonzern, mittelst\u00e4ndischer Betrieb oder Kleinunternehmer, diese informative und sehr praxisnahe Schulung mit vielen Beispielen und Demonstrationen wird sie mit dem notwendigen Basiswissen ausstatten, um ihre eigene AR\\\/VR Strategie zu entwickeln.\",\"breadcrumb\":{\"@id\":\"https:\\\/\\\/gstoll.com\\\/de\\\/akademie#breadcrumb\"},\"inLanguage\":\"de\",\"potentialAction\":[{\"@type\":\"ReadAction\",\"target\":[\"https:\\\/\\\/gstoll.com\\\/de\\\/akademie\"]}]},{\"@type\":\"ImageObject\",\"inLanguage\":\"de\",\"@id\":\"https:\\\/\\\/gstoll.com\\\/de\\\/akademie#primaryimage\",\"url\":\"https:\\\/\\\/www.mixed-reality.ai\\\/wp-content\\\/uploads\\\/2024\\\/07\\\/Andy-Gstoll-STiAS-1024x587.jpg\",\"contentUrl\":\"https:\\\/\\\/www.mixed-reality.ai\\\/wp-content\\\/uploads\\\/2024\\\/07\\\/Andy-Gstoll-STiAS-1024x587.jpg\"},{\"@type\":\"BreadcrumbList\",\"@id\":\"https:\\\/\\\/gstoll.com\\\/de\\\/akademie#breadcrumb\",\"itemListElement\":[{\"@type\":\"ListItem\",\"position\":1,\"name\":\"Startseite\",\"item\":\"https:\\\/\\\/gstoll.com\\\/de\"},{\"@type\":\"ListItem\",\"position\":2,\"name\":\"Akademie\"}]},{\"@type\":\"WebSite\",\"@id\":\"https:\\\/\\\/gstoll.com\\\/#website\",\"url\":\"https:\\\/\\\/gstoll.com\\\/\",\"name\":\"Mixed Reality AI\",\"description\":\"Mixed Reality and AI Innovations\",\"publisher\":{\"@id\":\"https:\\\/\\\/gstoll.com\\\/#organization\"},\"alternateName\":\"Mixed Reality I\\\/O\",\"potentialAction\":[{\"@type\":\"SearchAction\",\"target\":{\"@type\":\"EntryPoint\",\"urlTemplate\":\"https:\\\/\\\/gstoll.com\\\/?s={search_term_string}\"},\"query-input\":{\"@type\":\"PropertyValueSpecification\",\"valueRequired\":true,\"valueName\":\"search_term_string\"}}],\"inLanguage\":\"de\"},{\"@type\":\"Organization\",\"@id\":\"https:\\\/\\\/gstoll.com\\\/#organization\",\"name\":\"Mixed Reality I\\\/O\",\"alternateName\":\"Mixed Reality AI\",\"url\":\"https:\\\/\\\/gstoll.com\\\/\",\"logo\":{\"@type\":\"ImageObject\",\"inLanguage\":\"de\",\"@id\":\"https:\\\/\\\/gstoll.com\\\/#\\\/schema\\\/logo\\\/image\\\/\",\"url\":\"https:\\\/\\\/www.mixed-reality.ai\\\/wp-content\\\/uploads\\\/2024\\\/04\\\/MixedRealityAI-logo.png\",\"contentUrl\":\"https:\\\/\\\/www.mixed-reality.ai\\\/wp-content\\\/uploads\\\/2024\\\/04\\\/MixedRealityAI-logo.png\",\"width\":664,\"height\":310,\"caption\":\"Mixed Reality I\\\/O\"},\"image\":{\"@id\":\"https:\\\/\\\/gstoll.com\\\/#\\\/schema\\\/logo\\\/image\\\/\"},\"sameAs\":[\"https:\\\/\\\/www.linkedin.com\\\/company\\\/mixed-reality-i-o\\\/\"]}]}<\/script>\n<!-- \/ Yoast SEO plugin. -->","yoast_head_json":{"title":"Akademie | Mixed Reality AI","description":"Willkommen zur AR\/VR Akademie. Sie sind auf der Suche nach einem soliden Basiswissen rund um die Themen AR, VR und das Metaverse? Dann sind sie hier genau richtig. Ganz egal ob Gro\u00dfkonzern, mittelst\u00e4ndischer Betrieb oder Kleinunternehmer, diese informative und sehr praxisnahe Schulung mit vielen Beispielen und Demonstrationen wird sie mit dem notwendigen Basiswissen ausstatten, um ihre eigene AR\/VR Strategie zu entwickeln.","robots":{"index":"index","follow":"follow","max-snippet":"max-snippet:-1","max-image-preview":"max-image-preview:large","max-video-preview":"max-video-preview:-1"},"canonical":"https:\/\/gstoll.com\/de\/akademie","og_locale":"de_DE","og_type":"article","og_title":"Akademie | Mixed Reality AI","og_description":"Willkommen zur AR\/VR Akademie. Sie sind auf der Suche nach einem soliden Basiswissen rund um die Themen AR, VR und das Metaverse? Dann sind sie hier genau richtig. Ganz egal ob Gro\u00dfkonzern, mittelst\u00e4ndischer Betrieb oder Kleinunternehmer, diese informative und sehr praxisnahe Schulung mit vielen Beispielen und Demonstrationen wird sie mit dem notwendigen Basiswissen ausstatten, um ihre eigene AR\/VR Strategie zu entwickeln.","og_url":"https:\/\/gstoll.com\/de\/akademie","og_site_name":"Mixed Reality AI","article_modified_time":"2026-04-21T09:17:26+00:00","og_image":[{"width":2560,"height":1467,"url":"https:\/\/gstoll.com\/wp-content\/uploads\/2024\/07\/Andy-Gstoll-STiAS-scaled.jpg","type":"image\/jpeg"}],"twitter_card":"summary_large_image","twitter_misc":{"Gesch\u00e4tzte Lesezeit":"4\u00a0Minuten"},"schema":{"@context":"https:\/\/schema.org","@graph":[{"@type":"WebPage","@id":"https:\/\/gstoll.com\/de\/akademie","url":"https:\/\/gstoll.com\/de\/akademie","name":"Akademie | Mixed Reality AI","isPartOf":{"@id":"https:\/\/gstoll.com\/#website"},"primaryImageOfPage":{"@id":"https:\/\/gstoll.com\/de\/akademie#primaryimage"},"image":{"@id":"https:\/\/gstoll.com\/de\/akademie#primaryimage"},"thumbnailUrl":"https:\/\/www.mixed-reality.ai\/wp-content\/uploads\/2024\/07\/Andy-Gstoll-STiAS-1024x587.jpg","datePublished":"2021-07-15T08:38:11+00:00","dateModified":"2026-04-21T09:17:26+00:00","description":"Willkommen zur AR\/VR Akademie. Sie sind auf der Suche nach einem soliden Basiswissen rund um die Themen AR, VR und das Metaverse? Dann sind sie hier genau richtig. Ganz egal ob Gro\u00dfkonzern, mittelst\u00e4ndischer Betrieb oder Kleinunternehmer, diese informative und sehr praxisnahe Schulung mit vielen Beispielen und Demonstrationen wird sie mit dem notwendigen Basiswissen ausstatten, um ihre eigene AR\/VR Strategie zu entwickeln.","breadcrumb":{"@id":"https:\/\/gstoll.com\/de\/akademie#breadcrumb"},"inLanguage":"de","potentialAction":[{"@type":"ReadAction","target":["https:\/\/gstoll.com\/de\/akademie"]}]},{"@type":"ImageObject","inLanguage":"de","@id":"https:\/\/gstoll.com\/de\/akademie#primaryimage","url":"https:\/\/www.mixed-reality.ai\/wp-content\/uploads\/2024\/07\/Andy-Gstoll-STiAS-1024x587.jpg","contentUrl":"https:\/\/www.mixed-reality.ai\/wp-content\/uploads\/2024\/07\/Andy-Gstoll-STiAS-1024x587.jpg"},{"@type":"BreadcrumbList","@id":"https:\/\/gstoll.com\/de\/akademie#breadcrumb","itemListElement":[{"@type":"ListItem","position":1,"name":"Startseite","item":"https:\/\/gstoll.com\/de"},{"@type":"ListItem","position":2,"name":"Akademie"}]},{"@type":"WebSite","@id":"https:\/\/gstoll.com\/#website","url":"https:\/\/gstoll.com\/","name":"Mixed Reality AI","description":"Mixed Reality and AI Innovations","publisher":{"@id":"https:\/\/gstoll.com\/#organization"},"alternateName":"Mixed Reality I\/O","potentialAction":[{"@type":"SearchAction","target":{"@type":"EntryPoint","urlTemplate":"https:\/\/gstoll.com\/?s={search_term_string}"},"query-input":{"@type":"PropertyValueSpecification","valueRequired":true,"valueName":"search_term_string"}}],"inLanguage":"de"},{"@type":"Organization","@id":"https:\/\/gstoll.com\/#organization","name":"Mixed Reality I\/O","alternateName":"Mixed Reality AI","url":"https:\/\/gstoll.com\/","logo":{"@type":"ImageObject","inLanguage":"de","@id":"https:\/\/gstoll.com\/#\/schema\/logo\/image\/","url":"https:\/\/www.mixed-reality.ai\/wp-content\/uploads\/2024\/04\/MixedRealityAI-logo.png","contentUrl":"https:\/\/www.mixed-reality.ai\/wp-content\/uploads\/2024\/04\/MixedRealityAI-logo.png","width":664,"height":310,"caption":"Mixed Reality I\/O"},"image":{"@id":"https:\/\/gstoll.com\/#\/schema\/logo\/image\/"},"sameAs":["https:\/\/www.linkedin.com\/company\/mixed-reality-i-o\/"]}]}},"_links":{"self":[{"href":"https:\/\/gstoll.com\/de\/wp-json\/wp\/v2\/pages\/1498","targetHints":{"allow":["GET"]}}],"collection":[{"href":"https:\/\/gstoll.com\/de\/wp-json\/wp\/v2\/pages"}],"about":[{"href":"https:\/\/gstoll.com\/de\/wp-json\/wp\/v2\/types\/page"}],"author":[{"embeddable":true,"href":"https:\/\/gstoll.com\/de\/wp-json\/wp\/v2\/users\/2"}],"replies":[{"embeddable":true,"href":"https:\/\/gstoll.com\/de\/wp-json\/wp\/v2\/comments?post=1498"}],"version-history":[{"count":9,"href":"https:\/\/gstoll.com\/de\/wp-json\/wp\/v2\/pages\/1498\/revisions"}],"predecessor-version":[{"id":4886,"href":"https:\/\/gstoll.com\/de\/wp-json\/wp\/v2\/pages\/1498\/revisions\/4886"}],"wp:attachment":[{"href":"https:\/\/gstoll.com\/de\/wp-json\/wp\/v2\/media?parent=1498"}],"curies":[{"name":"wp","href":"https:\/\/api.w.org\/{rel}","templated":true}]}}