{"id":1467,"date":"2020-10-07T10:31:56","date_gmt":"2020-10-07T10:31:56","guid":{"rendered":"https:\/\/www.mixed-reality.io\/videos"},"modified":"2026-01-27T12:37:08","modified_gmt":"2026-01-27T12:37:08","slug":"videos","status":"publish","type":"page","link":"https:\/\/gstoll.com\/de\/videos","title":{"rendered":"Videos"},"content":{"rendered":"\n<h4 class=\"wp-block-heading has-text-align-center font_4\"><span class=\"color_18\">Videos<\/span><\/h4>\n\n\n\n<p class=\"has-text-align-center\">Wir produzieren gelegentlich Videos um \u00fcber bestimmte Themen oder Trends im Umfeld von Mixed Reality und KI zu informieren. Wenn sie keine unserer zuk\u00fcnftigen Videos verpassen wollen, abonnieren sie am besten gleich unseren <a href=\"https:\/\/www.youtube.com\/channel\/UCLJbE1HPtP3Tf-0554sPjfw\">YouTube Kanal<\/a>.<\/p>\n\n\n\n<div class=\"wp-block-buttons is-content-justification-center is-layout-flex wp-container-core-buttons-is-layout-16018d1d wp-block-buttons-is-layout-flex\">\n<div class=\"wp-block-button is-style-fill\"><a class=\"wp-block-button__link has-cool-to-warm-spectrum-gradient-background has-background has-text-align-center wp-element-button\" href=\"https:\/\/www.youtube.com\/channel\/UCLJbE1HPtP3Tf-0554sPjfw\/featured\">Zum YouTube Kanal<\/a><\/div>\n<\/div>\n\n\n\n<div style=\"height:100px\" aria-hidden=\"true\" class=\"wp-block-spacer\"><\/div>\n\n\n\n<h3 class=\"wp-block-heading\">Top 3 Gr\u00fcnde f\u00fcr den Wechsel von Zoom zu Virtual Reality Meetings (auf Englisch)<\/h3>\n\n\n\n<figure class=\"wp-block-embed is-type-video is-provider-youtube wp-block-embed-youtube wp-embed-aspect-16-9 wp-has-aspect-ratio\"><div class=\"wp-block-embed__wrapper\">\n<iframe title=\"Top 3 reasons to switch from Zoom to Virtual Reality meetings\" width=\"1200\" height=\"675\" src=\"https:\/\/www.youtube.com\/embed\/_DFaPKEzN0M?feature=oembed\" frameborder=\"0\" allow=\"accelerometer; autoplay; clipboard-write; encrypted-media; gyroscope; picture-in-picture; web-share\" referrerpolicy=\"strict-origin-when-cross-origin\" allowfullscreen><\/iframe>\n<\/div><\/figure>\n\n\n\n<div style=\"height:100px\" aria-hidden=\"true\" class=\"wp-block-spacer\"><\/div>\n\n\n\n<h3 class=\"wp-block-heading\">3D Produktdesign und Entwicklung eines Surfbretts mit Hilfe von AR und VR<\/h3>\n\n\n\n<figure class=\"wp-block-embed is-type-video is-provider-youtube wp-block-embed-youtube wp-embed-aspect-16-9 wp-has-aspect-ratio\"><div class=\"wp-block-embed__wrapper\">\n<iframe title=\"3D Product Design and Development of a surfboard with AR and VR\" width=\"1200\" height=\"675\" src=\"https:\/\/www.youtube.com\/embed\/-9SwVZzFNhE?feature=oembed\" frameborder=\"0\" allow=\"accelerometer; autoplay; clipboard-write; encrypted-media; gyroscope; picture-in-picture; web-share\" referrerpolicy=\"strict-origin-when-cross-origin\" allowfullscreen><\/iframe>\n<\/div><\/figure>\n","protected":false},"excerpt":{"rendered":"<p>Videos Wir produzieren gelegentlich Videos um \u00fcber bestimmte Themen oder Trends im Umfeld von Mixed Reality und KI zu informieren. Wenn sie keine unserer zuk\u00fcnftigen Videos verpassen wollen, abonnieren sie am besten gleich unseren YouTube Kanal. Top 3 Gr\u00fcnde f\u00fcr den Wechsel von Zoom zu Virtual Reality Meetings (auf Englisch) 3D Produktdesign und Entwicklung eines &#8230; <a title=\"Videos\" class=\"read-more\" href=\"https:\/\/gstoll.com\/de\/videos\" aria-label=\"Mehr Informationen \u00fcber Videos\">Weiterlesen &#8230;<\/a><\/p>\n","protected":false},"author":2,"featured_media":3249,"parent":0,"menu_order":0,"comment_status":"closed","ping_status":"open","template":"","meta":{"footnotes":""},"class_list":["post-1467","page","type-page","status-publish","has-post-thumbnail"],"yoast_head":"<!-- This site is optimized with the Yoast SEO plugin v27.4 - https:\/\/yoast.com\/product\/yoast-seo-wordpress\/ -->\n<title>Videos | Mixed Reality AI<\/title>\n<meta name=\"robots\" content=\"index, follow, max-snippet:-1, max-image-preview:large, max-video-preview:-1\" \/>\n<link rel=\"canonical\" href=\"https:\/\/gstoll.com\/de\/videos\" \/>\n<meta property=\"og:locale\" content=\"de_DE\" \/>\n<meta property=\"og:type\" content=\"article\" \/>\n<meta property=\"og:title\" content=\"Videos | Mixed Reality AI\" \/>\n<meta property=\"og:description\" content=\"Videos Wir produzieren gelegentlich Videos um \u00fcber bestimmte Themen oder Trends im Umfeld von Mixed Reality und KI zu informieren. Wenn sie keine unserer zuk\u00fcnftigen Videos verpassen wollen, abonnieren sie am besten gleich unseren YouTube Kanal. Top 3 Gr\u00fcnde f\u00fcr den Wechsel von Zoom zu Virtual Reality Meetings (auf Englisch) 3D Produktdesign und Entwicklung eines ... Weiterlesen ...\" \/>\n<meta property=\"og:url\" content=\"https:\/\/gstoll.com\/de\/videos\" \/>\n<meta property=\"og:site_name\" content=\"Mixed Reality AI\" \/>\n<meta property=\"article:modified_time\" content=\"2026-01-27T12:37:08+00:00\" \/>\n<meta property=\"og:image\" content=\"https:\/\/gstoll.com\/wp-content\/uploads\/2025\/03\/Hero3-1.png\" \/>\n\t<meta property=\"og:image:width\" content=\"2020\" \/>\n\t<meta property=\"og:image:height\" content=\"1182\" \/>\n\t<meta property=\"og:image:type\" content=\"image\/png\" \/>\n<meta name=\"twitter:card\" content=\"summary_large_image\" \/>\n<meta name=\"twitter:label1\" content=\"Gesch\u00e4tzte Lesezeit\" \/>\n\t<meta name=\"twitter:data1\" content=\"1\u00a0Minute\" \/>\n<script type=\"application\/ld+json\" class=\"yoast-schema-graph\">{\"@context\":\"https:\\\/\\\/schema.org\",\"@graph\":[{\"@type\":\"WebPage\",\"@id\":\"https:\\\/\\\/gstoll.com\\\/de\\\/videos\",\"url\":\"https:\\\/\\\/gstoll.com\\\/de\\\/videos\",\"name\":\"Videos | Mixed Reality AI\",\"isPartOf\":{\"@id\":\"https:\\\/\\\/gstoll.com\\\/#website\"},\"primaryImageOfPage\":{\"@id\":\"https:\\\/\\\/gstoll.com\\\/de\\\/videos#primaryimage\"},\"image\":{\"@id\":\"https:\\\/\\\/gstoll.com\\\/de\\\/videos#primaryimage\"},\"thumbnailUrl\":\"https:\\\/\\\/gstoll.com\\\/wp-content\\\/uploads\\\/2025\\\/03\\\/Hero3-1.png\",\"datePublished\":\"2020-10-07T10:31:56+00:00\",\"dateModified\":\"2026-01-27T12:37:08+00:00\",\"breadcrumb\":{\"@id\":\"https:\\\/\\\/gstoll.com\\\/de\\\/videos#breadcrumb\"},\"inLanguage\":\"de\",\"potentialAction\":[{\"@type\":\"ReadAction\",\"target\":[\"https:\\\/\\\/gstoll.com\\\/de\\\/videos\"]}]},{\"@type\":\"ImageObject\",\"inLanguage\":\"de\",\"@id\":\"https:\\\/\\\/gstoll.com\\\/de\\\/videos#primaryimage\",\"url\":\"https:\\\/\\\/gstoll.com\\\/wp-content\\\/uploads\\\/2025\\\/03\\\/Hero3-1.png\",\"contentUrl\":\"https:\\\/\\\/gstoll.com\\\/wp-content\\\/uploads\\\/2025\\\/03\\\/Hero3-1.png\",\"width\":2020,\"height\":1182},{\"@type\":\"BreadcrumbList\",\"@id\":\"https:\\\/\\\/gstoll.com\\\/de\\\/videos#breadcrumb\",\"itemListElement\":[{\"@type\":\"ListItem\",\"position\":1,\"name\":\"Startseite\",\"item\":\"https:\\\/\\\/gstoll.com\\\/de\"},{\"@type\":\"ListItem\",\"position\":2,\"name\":\"Videos\"}]},{\"@type\":\"WebSite\",\"@id\":\"https:\\\/\\\/gstoll.com\\\/#website\",\"url\":\"https:\\\/\\\/gstoll.com\\\/\",\"name\":\"Mixed Reality AI\",\"description\":\"Mixed Reality and AI Innovations\",\"publisher\":{\"@id\":\"https:\\\/\\\/gstoll.com\\\/#organization\"},\"alternateName\":\"Mixed Reality I\\\/O\",\"potentialAction\":[{\"@type\":\"SearchAction\",\"target\":{\"@type\":\"EntryPoint\",\"urlTemplate\":\"https:\\\/\\\/gstoll.com\\\/?s={search_term_string}\"},\"query-input\":{\"@type\":\"PropertyValueSpecification\",\"valueRequired\":true,\"valueName\":\"search_term_string\"}}],\"inLanguage\":\"de\"},{\"@type\":\"Organization\",\"@id\":\"https:\\\/\\\/gstoll.com\\\/#organization\",\"name\":\"Mixed Reality I\\\/O\",\"alternateName\":\"Mixed Reality AI\",\"url\":\"https:\\\/\\\/gstoll.com\\\/\",\"logo\":{\"@type\":\"ImageObject\",\"inLanguage\":\"de\",\"@id\":\"https:\\\/\\\/gstoll.com\\\/#\\\/schema\\\/logo\\\/image\\\/\",\"url\":\"https:\\\/\\\/www.mixed-reality.ai\\\/wp-content\\\/uploads\\\/2024\\\/04\\\/MixedRealityAI-logo.png\",\"contentUrl\":\"https:\\\/\\\/www.mixed-reality.ai\\\/wp-content\\\/uploads\\\/2024\\\/04\\\/MixedRealityAI-logo.png\",\"width\":664,\"height\":310,\"caption\":\"Mixed Reality I\\\/O\"},\"image\":{\"@id\":\"https:\\\/\\\/gstoll.com\\\/#\\\/schema\\\/logo\\\/image\\\/\"},\"sameAs\":[\"https:\\\/\\\/www.linkedin.com\\\/company\\\/mixed-reality-i-o\\\/\"]}]}<\/script>\n<!-- \/ Yoast SEO plugin. -->","yoast_head_json":{"title":"Videos | Mixed Reality AI","robots":{"index":"index","follow":"follow","max-snippet":"max-snippet:-1","max-image-preview":"max-image-preview:large","max-video-preview":"max-video-preview:-1"},"canonical":"https:\/\/gstoll.com\/de\/videos","og_locale":"de_DE","og_type":"article","og_title":"Videos | Mixed Reality AI","og_description":"Videos Wir produzieren gelegentlich Videos um \u00fcber bestimmte Themen oder Trends im Umfeld von Mixed Reality und KI zu informieren. Wenn sie keine unserer zuk\u00fcnftigen Videos verpassen wollen, abonnieren sie am besten gleich unseren YouTube Kanal. Top 3 Gr\u00fcnde f\u00fcr den Wechsel von Zoom zu Virtual Reality Meetings (auf Englisch) 3D Produktdesign und Entwicklung eines ... Weiterlesen ...","og_url":"https:\/\/gstoll.com\/de\/videos","og_site_name":"Mixed Reality AI","article_modified_time":"2026-01-27T12:37:08+00:00","og_image":[{"width":2020,"height":1182,"url":"https:\/\/gstoll.com\/wp-content\/uploads\/2025\/03\/Hero3-1.png","type":"image\/png"}],"twitter_card":"summary_large_image","twitter_misc":{"Gesch\u00e4tzte Lesezeit":"1\u00a0Minute"},"schema":{"@context":"https:\/\/schema.org","@graph":[{"@type":"WebPage","@id":"https:\/\/gstoll.com\/de\/videos","url":"https:\/\/gstoll.com\/de\/videos","name":"Videos | Mixed Reality AI","isPartOf":{"@id":"https:\/\/gstoll.com\/#website"},"primaryImageOfPage":{"@id":"https:\/\/gstoll.com\/de\/videos#primaryimage"},"image":{"@id":"https:\/\/gstoll.com\/de\/videos#primaryimage"},"thumbnailUrl":"https:\/\/gstoll.com\/wp-content\/uploads\/2025\/03\/Hero3-1.png","datePublished":"2020-10-07T10:31:56+00:00","dateModified":"2026-01-27T12:37:08+00:00","breadcrumb":{"@id":"https:\/\/gstoll.com\/de\/videos#breadcrumb"},"inLanguage":"de","potentialAction":[{"@type":"ReadAction","target":["https:\/\/gstoll.com\/de\/videos"]}]},{"@type":"ImageObject","inLanguage":"de","@id":"https:\/\/gstoll.com\/de\/videos#primaryimage","url":"https:\/\/gstoll.com\/wp-content\/uploads\/2025\/03\/Hero3-1.png","contentUrl":"https:\/\/gstoll.com\/wp-content\/uploads\/2025\/03\/Hero3-1.png","width":2020,"height":1182},{"@type":"BreadcrumbList","@id":"https:\/\/gstoll.com\/de\/videos#breadcrumb","itemListElement":[{"@type":"ListItem","position":1,"name":"Startseite","item":"https:\/\/gstoll.com\/de"},{"@type":"ListItem","position":2,"name":"Videos"}]},{"@type":"WebSite","@id":"https:\/\/gstoll.com\/#website","url":"https:\/\/gstoll.com\/","name":"Mixed Reality AI","description":"Mixed Reality and AI Innovations","publisher":{"@id":"https:\/\/gstoll.com\/#organization"},"alternateName":"Mixed Reality I\/O","potentialAction":[{"@type":"SearchAction","target":{"@type":"EntryPoint","urlTemplate":"https:\/\/gstoll.com\/?s={search_term_string}"},"query-input":{"@type":"PropertyValueSpecification","valueRequired":true,"valueName":"search_term_string"}}],"inLanguage":"de"},{"@type":"Organization","@id":"https:\/\/gstoll.com\/#organization","name":"Mixed Reality I\/O","alternateName":"Mixed Reality AI","url":"https:\/\/gstoll.com\/","logo":{"@type":"ImageObject","inLanguage":"de","@id":"https:\/\/gstoll.com\/#\/schema\/logo\/image\/","url":"https:\/\/www.mixed-reality.ai\/wp-content\/uploads\/2024\/04\/MixedRealityAI-logo.png","contentUrl":"https:\/\/www.mixed-reality.ai\/wp-content\/uploads\/2024\/04\/MixedRealityAI-logo.png","width":664,"height":310,"caption":"Mixed Reality I\/O"},"image":{"@id":"https:\/\/gstoll.com\/#\/schema\/logo\/image\/"},"sameAs":["https:\/\/www.linkedin.com\/company\/mixed-reality-i-o\/"]}]}},"_links":{"self":[{"href":"https:\/\/gstoll.com\/de\/wp-json\/wp\/v2\/pages\/1467","targetHints":{"allow":["GET"]}}],"collection":[{"href":"https:\/\/gstoll.com\/de\/wp-json\/wp\/v2\/pages"}],"about":[{"href":"https:\/\/gstoll.com\/de\/wp-json\/wp\/v2\/types\/page"}],"author":[{"embeddable":true,"href":"https:\/\/gstoll.com\/de\/wp-json\/wp\/v2\/users\/2"}],"replies":[{"embeddable":true,"href":"https:\/\/gstoll.com\/de\/wp-json\/wp\/v2\/comments?post=1467"}],"version-history":[{"count":10,"href":"https:\/\/gstoll.com\/de\/wp-json\/wp\/v2\/pages\/1467\/revisions"}],"predecessor-version":[{"id":4422,"href":"https:\/\/gstoll.com\/de\/wp-json\/wp\/v2\/pages\/1467\/revisions\/4422"}],"wp:featuredmedia":[{"embeddable":true,"href":"https:\/\/gstoll.com\/de\/wp-json\/wp\/v2\/media\/3249"}],"wp:attachment":[{"href":"https:\/\/gstoll.com\/de\/wp-json\/wp\/v2\/media?parent=1467"}],"curies":[{"name":"wp","href":"https:\/\/api.w.org\/{rel}","templated":true}]}}